{"id":2215,"date":"2020-12-03T10:30:25","date_gmt":"2020-12-03T09:30:25","guid":{"rendered":"https:\/\/ballerstaedt.agentur-exakt.de\/sealing-machines\/induction-sealing-machines\/"},"modified":"2026-01-13T10:51:37","modified_gmt":"2026-01-13T09:51:37","slug":"induction-sealing-machines","status":"publish","type":"page","link":"https:\/\/www.ballerstaedt.de\/en\/sealing-machines\/induction-sealing-machines\/","title":{"rendered":"Induction sealing machines"},"content":{"rendered":"<div class=\"wpb-content-wrapper\"><p>[vc_section el_class=&#8221;branchen-first&#8221;][vc_row css_animation=&#8221;fadeIn&#8221;][vc_column][vc_custom_heading text=&#8221;Induction sealing machines&#8221; font_container=&#8221;tag:h2|text_align:center&#8221; el_class=&#8221;branchen-headline-intro&#8221;][vc_column_text el_class=&#8221;txt-branchen&#8221;]<\/p>\n<p style=\"text-align: center;\">Powerful machines for challenging applications<\/p>\n<p>[\/vc_column_text][\/vc_column][\/vc_row][\/vc_section][vc_section el_class=&#8221;section_vorteile_produkte&#8221;][vc_row css_animation=&#8221;fadeInUp&#8221; el_class=&#8221;vorteile-row&#8221;][vc_column][vc_custom_heading text=&#8221;Your benefits at a glance:&#8221; font_container=&#8221;tag:h3|text_align:left&#8221; el_class=&#8221;branchen-vorteile-headline&#8221;][vc_column_text css=&#8221;&#8221; el_class=&#8221;txt-vorteile&#8221;]An alternative to conductive heat sealing is <strong>contact induction sealing<\/strong>, which is particularly suitable for sealing demanding container materials such as e.g. glass, metal or ceramic.<\/p>\n<p>An electromagnetic field is built up by a generator via an induction coil that is housed in the sealing head. The molecules of the aluminum foil are set in rotating vibrations, creating heat that is used for the sealing process.<\/p>\n<p>Also in the area of<strong> contactless induction sealing<\/strong> we will be happy to advise you!<\/p>\n<p>Our many years of experience and our special know-how in the field of sealing technology make us experts for a wide variety of sealing solutions. Feel free to contact us for your individual offer![\/vc_column_text][vc_column_text el_class=&#8221;txt-vorteile&#8221;]<\/p>\n<h4>Our portfolio:<\/h4>\n<p>[\/vc_column_text][vc_tta_tabs spacing=&#8221;3&#8243; active_section=&#8221;1&#8243; el_class=&#8221;bal-tabs bal-tabs-indu&#8221;][vc_tta_section title=&#8221;PolySeal Vario PN Induct&#8221; tab_id=&#8221;polyseal-vario-pn-induct&#8221;][vc_column_text css=&#8221;&#8221; el_class=&#8221;vorteile-list&#8221;]<strong>PolySeal Vario PN Induct<\/strong><\/p>\n<p>Semiautomatic sealing device for sealing of plastic, glass, metal and ceramic containers.<\/p>\n<p>Equipment:<\/p>\n<ul>\n<li>pneumatic drive<\/li>\n<li>stepless pressure regulation<\/li>\n<li>contact induction sealing head<\/li>\n<li>generator with regulation of sealing time and power<\/li>\n<li>heat protection shield<\/li>\n<li>stabiliser<\/li>\n<li>roller guide with running slide<\/li>\n<li>container holder<\/li>\n<li>modularly upgradeable to the PolySeal Vario Twin<\/li>\n<\/ul>\n<p>[\/vc_column_text][vc_btn title=&#8221;Send enquiry!&#8221; css=&#8221;&#8221; link=&#8221;url:mailto%3Asales%40ballerstaedt.de%3Fsubject%3DEnquiry%2520PolySeal%2520Vario%2520PN%2520Induct%26body%3DPlease%2520send%2520us%2520detailed%2520information%2520about%2520your%2520application%253A%250A-%2520technical%2520drawing%2520of%2520the%2520containers%2520to%2520be%2520seales%250A-%2520production%2520output%2520(units%2520per%2520hour)%250A-%2520Are%2520sealing%2520lids%2520already%2520available%253F%2520If%2520yes%252C%2520please%2520send%2520details.%250AThank%2520you%2520for%2520your%2520enquiry!|target:_blank&#8221; el_class=&#8221;bal-btn&#8221;][\/vc_tta_section][vc_tta_section title=&#8221;PolySeal Vario Twin Induct&#8221; tab_id=&#8221;polyseal-vario-twin-induct&#8221;][vc_column_text css=&#8221;&#8221; el_class=&#8221;vorteile-list&#8221;]<strong>PolySeal Vario Twin Induct<\/strong><\/p>\n<p>Semiautomatic foil application and sealing device for sealing of all sorts of plastic, glass, metal and ceramic containers.<\/p>\n<p>Equipment:<\/p>\n<ul>\n<li>pneumatic drive<\/li>\n<li>stepless pressure regulation<\/li>\n<li>stepless manual height adjustment with height scale<\/li>\n<li>foil dispensing with 2 spot pre-sealing with removable pre-sealing plates<\/li>\n<li>vacuum suction nozzle<\/li>\n<li>contact induction sealing head<\/li>\n<li>generator with regulation of sealing time and power<\/li>\n<li>roller guide with running slide<\/li>\n<li>foil magazine for stackable pre-cut sealing lids<\/li>\n<li>heat protection shields<\/li>\n<li>Crucible holder<\/li>\n<li>2x temperature regulator and pneumatic control<\/li>\n<\/ul>\n<p>[\/vc_column_text][vc_btn title=&#8221;Send enquiry!&#8221; css=&#8221;&#8221; link=&#8221;url:mailto%3Asales%40ballerstaedt.de%3Fsubject%3DEnquiry%2520PolySeal%2520Vario%2520Twin%2520Induct%26body%3DPlease%2520send%2520us%2520detailed%2520information%2520about%2520your%2520application%253A%250A-%2520technical%2520drawing%2520of%2520the%2520containers%2520to%2520be%2520seales%250A-%2520production%2520output%2520(units%2520per%2520hour)%250A-%2520Are%2520sealing%2520lids%2520already%2520available%253F%2520If%2520yes%252C%2520please%2520send%2520details.%250AThank%2520you%2520for%2520your%2520enquiry!|target:_blank&#8221; el_class=&#8221;bal-btn&#8221;][\/vc_tta_section][vc_tta_section title=&#8221;BaCo1800 Induct&#8221; tab_id=&#8221;baco1800-induct&#8221;][vc_column_text css=&#8221;&#8221; el_class=&#8221;vorteile-list&#8221;]<strong>BaCo1800 Induct<\/strong><\/p>\n<p>Fully automatic foil application and sealing machine, suitable for plastic, tin or glass containers of up to 105 mm in diameter and 150 mm in height<\/p>\n<p>Equipment:<\/p>\n<ul>\n<li>machine frame made of aluminium<\/li>\n<li>mobile base frame<\/li>\n<li>feed conveyor with feed control<\/li>\n<li>synchronised star wheel stand with receptacles for the containers as form parts<\/li>\n<li>adjustable outer ring for guiding containers through the machine sequence from 30 mm to 105 mm in diameter<\/li>\n<li>foil magazine for stackable pre-cut BALLERSTAEDT sealing lids<\/li>\n<li>pneumatically driven foil dispenser with a precise, maintenance free 180\u00b0 reverse gear for removing the seals from the magazine, applying them to the sealing edge and fixing them with a pre-sealer<\/li>\n<li>induction sealing unit for closing the containers hollowed out sealing die, adaptable to sealing head<\/li>\n<li>exit conveyor for the containers<\/li>\n<li>central height adjustment of the magazine plate to adjust it to the respective container height<\/li>\n<li>all-over protective coating<\/li>\n<li>control panel with electrical supply unit<\/li>\n<\/ul>\n<p>&nbsp;<\/p>\n<p>The BaCo1800 is also available as an <strong>XXL version<\/strong> for particularly large containers.<\/p>\n<p>Also all other <a href=\"https:\/\/www.ballerstaedt.de\/en\/sealing-machines\/fully-automatic-sealing-machines\/\">fully-autmatic sealing machines<\/a> of our portfolio can be equipped for contact induction sealing.[\/vc_column_text][vc_btn title=&#8221;Send enquiry!&#8221; css=&#8221;&#8221; link=&#8221;url:mailto%3Asales%40ballerstaedt.de%3Fsubject%3DEnquiry%2520BaCo1800%2520Induct%26body%3DPlease%2520send%2520us%2520detailed%2520information%2520about%2520your%2520application%253A%250A-%2520technical%2520drawing%2520of%2520the%2520containers%2520to%2520be%2520seales%250A-%2520production%2520output%2520(units%2520per%2520hour)%250A-%2520Are%2520sealing%2520lids%2520already%2520available%253F%2520If%2520yes%252C%2520please%2520send%2520details.%250AThank%2520you%2520for%2520your%2520enquiry!|target:_blank&#8221; el_class=&#8221;bal-btn&#8221;][\/vc_tta_section][vc_tta_section title=&#8221;BaCo Smart Seal 800&#8243; tab_id=&#8221;baco-smart-seal-800&#8243;][vc_column_text css=&#8221;&#8221; el_class=&#8221;vorteile-list&#8221;]<\/p>\n<div class=\"wpb_text_column wpb_content_element vorteile-list\">\n<div class=\"wpb_wrapper\">\n<p><strong>BaCo Smart Seal 800<\/strong><\/p>\n<p data-start=\"0\" data-end=\"227\">Kompakte, manuelle Induktionssiegelmaschine f\u00fcr zuverl\u00e4ssige Versiegelungen in Kleinserien, Laboren und Qualit\u00e4tskontrollen \u2013 intelligent, leistungsstark und einfach zu bedienen.<\/p>\n<p data-start=\"229\" data-end=\"256\">Ausstattung:<\/p>\n<ul data-start=\"257\" data-end=\"732\" data-is-last-node=\"\" data-is-only-node=\"\">\n<li data-start=\"257\" data-end=\"316\">\n<p data-start=\"259\" data-end=\"316\">Moderne Induktionssiegeltechnologie in tragbarem Design<\/p>\n<\/li>\n<li data-start=\"257\" data-end=\"316\">\n<p data-start=\"259\" data-end=\"316\">Leistung von bis zu 15 Versiegelungen pro Minute<\/p>\n<\/li>\n<li data-start=\"370\" data-end=\"431\">\n<p data-start=\"372\" data-end=\"431\">Intuitive Touchscreen-Oberfl\u00e4che mit klarer Statusanzeige<\/p>\n<\/li>\n<li data-start=\"432\" data-end=\"509\">\n<p data-start=\"434\" data-end=\"509\">Integrierte SmartSeal-Analyse zur Echtzeit-\u00dcberwachung jeder Versiegelung<\/p>\n<\/li>\n<li data-start=\"510\" data-end=\"572\">\n<p data-start=\"512\" data-end=\"572\">Eindeutiges Pass\/Fail-Signal inkl. akustischer R\u00fcckmeldung<\/p>\n<\/li>\n<li data-start=\"573\" data-end=\"636\">\n<p data-start=\"575\" data-end=\"636\">Einstellbare Siegelzeit und Leistungsstufe \u00fcber Touchscreen<\/p>\n<\/li>\n<li data-start=\"637\" data-end=\"685\">\n<p data-start=\"639\" data-end=\"685\">Passcode-Schutz zur Sicherung von Parametern<\/p>\n<\/li>\n<li data-start=\"686\" data-end=\"732\" data-is-last-node=\"\">\n<p data-start=\"688\" data-end=\"732\" data-is-last-node=\"\">Mehrsprachige Bedienung (EN, FR, DE, ES, IT)<\/p>\n<\/li>\n<\/ul>\n<\/div>\n<\/div>\n<p>[\/vc_column_text][vc_btn title=&#8221;Send enquiry!&#8221; css=&#8221;&#8221; link=&#8221;url:mailto%3Asales%40ballerstaedt.de%3Fsubject%3DEnquiry%2520BaCo%2520Smart%2520Seal%2520800%26body%3DPlease%2520send%2520us%2520detailed%2520information%2520about%2520your%2520application%253A%250A-%2520technical%2520drawing%2520of%2520the%2520containers%2520to%2520be%2520seales%250A-%2520production%2520output%2520(units%2520per%2520hour)%250A-%2520Are%2520sealing%2520lids%2520already%2520available%253F%2520If%2520yes%252C%2520please%2520send%2520details.%250AThank%2520you%2520for%2520your%2520enquiry!|target:_blank&#8221; el_class=&#8221;bal-btn&#8221;][\/vc_tta_section][\/vc_tta_tabs][vc_video link=&#8221;https:\/\/www.youtube.com\/watch?v=XD3_Lniqwto&#8221; align=&#8221;center&#8221; css=&#8221;&#8221;][\/vc_column][\/vc_row][\/vc_section][vc_section el_class=&#8221;section_branchen_kontakt&#8221;][vc_row css_animation=&#8221;fadeIn&#8221;][vc_column][vc_btn title=&#8221;Back to overview&#8221; align=&#8221;center&#8221; link=&#8221;url:https%3A%2F%2Fballerstaedt.de%2Fen%2Fsealing-machines%2F%23uebersicht&#8221; el_class=&#8221;bal-btn btn-marg-btn&#8221;][vc_custom_heading text=&#8221;Do You Have Questions?<br \/>\nWe are happy to help:&#8221; font_container=&#8221;tag:h2|text_align:center&#8221;][vc_column_text]<\/p>\n<p style=\"text-align: center;\"><a href=\"tel:0722295150\">+49 (0) 7222 95 15 &#8211; 0<\/a><br \/>\n<a href=\"mailto:sales@ballerstaedt.de\">sales@ballerstaedt.de<\/a><\/p>\n<p>[\/vc_column_text][vc_custom_heading text=&#8221;Or visit:&#8221; font_container=&#8221;tag:h2|text_align:center&#8221; css=&#8221;&#8221;][vc_column_text css=&#8221;&#8221;]<\/p>\n<p style=\"text-align: center;\"><a href=\"https:\/\/www.ballerstaedt.de\/en\/faq\/\">FAQ<\/a><\/p>\n<p>[\/vc_column_text][\/vc_column][\/vc_row][\/vc_section]<\/p>\n<\/div>","protected":false},"excerpt":{"rendered":"<p>[vc_section el_class=&#8221;branchen-first&#8221;][vc_row css_animation=&#8221;fadeIn&#8221;][vc_column][vc_custom_heading text=&#8221;Induction sealing machines&#8221; font_&#8230;<\/p>\n","protected":false},"author":1,"featured_media":-1,"parent":2200,"menu_order":0,"comment_status":"closed","ping_status":"closed","template":"","meta":{"footnotes":""},"class_list":["post-2215","page","type-page","status-publish","has-post-thumbnail","hentry"],"yoast_head":"<!-- This site is optimized with the Yoast SEO plugin v27.4 - https:\/\/yoast.com\/product\/yoast-seo-wordpress\/ -->\n<title>Induction sealing machines - Ballerstaedt<\/title>\n<meta name=\"description\" content=\"Induction sealing machines by Ballerstaedt: Non-contact sealing solutions for security and hygiene requirements \u2013 ideal for pharma, food &amp; cosmetics.\" \/>\n<meta name=\"robots\" content=\"index, follow, max-snippet:-1, max-image-preview:large, max-video-preview:-1\" \/>\n<link rel=\"canonical\" href=\"https:\/\/www.ballerstaedt.de\/en\/sealing-machines\/induction-sealing-machines\/\" \/>\n<meta property=\"og:locale\" content=\"en_US\" \/>\n<meta property=\"og:type\" content=\"article\" \/>\n<meta property=\"og:title\" content=\"Induction sealing machines - Ballerstaedt\" \/>\n<meta property=\"og:description\" content=\"Induction sealing machines by Ballerstaedt: Non-contact sealing solutions for security and hygiene requirements \u2013 ideal for pharma, food &amp; cosmetics.\" \/>\n<meta property=\"og:url\" content=\"https:\/\/www.ballerstaedt.de\/en\/sealing-machines\/induction-sealing-machines\/\" \/>\n<meta property=\"og:site_name\" content=\"Ballerstaedt\" \/>\n<meta property=\"article:modified_time\" content=\"2026-01-13T09:51:37+00:00\" \/>\n<meta name=\"twitter:card\" content=\"summary_large_image\" \/>\n<meta name=\"twitter:label1\" content=\"Est. reading time\" \/>\n\t<meta name=\"twitter:data1\" content=\"4 minutes\" \/>\n<script type=\"application\/ld+json\" class=\"yoast-schema-graph\">{\"@context\":\"https:\\\/\\\/schema.org\",\"@graph\":[{\"@type\":\"WebPage\",\"@id\":\"https:\\\/\\\/www.ballerstaedt.de\\\/en\\\/sealing-machines\\\/induction-sealing-machines\\\/\",\"url\":\"https:\\\/\\\/www.ballerstaedt.de\\\/en\\\/sealing-machines\\\/induction-sealing-machines\\\/\",\"name\":\"Induction sealing machines - Ballerstaedt\",\"isPartOf\":{\"@id\":\"https:\\\/\\\/www.ballerstaedt.de\\\/#website\"},\"datePublished\":\"2020-12-03T09:30:25+00:00\",\"dateModified\":\"2026-01-13T09:51:37+00:00\",\"description\":\"Induction sealing machines by Ballerstaedt: Non-contact sealing solutions for security and hygiene requirements \u2013 ideal for pharma, food & cosmetics.\",\"breadcrumb\":{\"@id\":\"https:\\\/\\\/www.ballerstaedt.de\\\/en\\\/sealing-machines\\\/induction-sealing-machines\\\/#breadcrumb\"},\"inLanguage\":\"en-US\",\"potentialAction\":[{\"@type\":\"ReadAction\",\"target\":[\"https:\\\/\\\/www.ballerstaedt.de\\\/en\\\/sealing-machines\\\/induction-sealing-machines\\\/\"]}]},{\"@type\":\"BreadcrumbList\",\"@id\":\"https:\\\/\\\/www.ballerstaedt.de\\\/en\\\/sealing-machines\\\/induction-sealing-machines\\\/#breadcrumb\",\"itemListElement\":[{\"@type\":\"ListItem\",\"position\":1,\"name\":\"Startseite\",\"item\":\"https:\\\/\\\/www.ballerstaedt.de\\\/en\\\/\"},{\"@type\":\"ListItem\",\"position\":2,\"name\":\"Sealing machines\",\"item\":\"https:\\\/\\\/www.ballerstaedt.de\\\/en\\\/sealing-machines\\\/\"},{\"@type\":\"ListItem\",\"position\":3,\"name\":\"Induction sealing machines\"}]},{\"@type\":\"WebSite\",\"@id\":\"https:\\\/\\\/www.ballerstaedt.de\\\/#website\",\"url\":\"https:\\\/\\\/www.ballerstaedt.de\\\/\",\"name\":\"Ballerstaedt\",\"description\":\"Sealing systems\",\"publisher\":{\"@id\":\"https:\\\/\\\/www.ballerstaedt.de\\\/#organization\"},\"potentialAction\":[{\"@type\":\"SearchAction\",\"target\":{\"@type\":\"EntryPoint\",\"urlTemplate\":\"https:\\\/\\\/www.ballerstaedt.de\\\/?s={search_term_string}\"},\"query-input\":{\"@type\":\"PropertyValueSpecification\",\"valueRequired\":true,\"valueName\":\"search_term_string\"}}],\"inLanguage\":\"en-US\"},{\"@type\":\"Organization\",\"@id\":\"https:\\\/\\\/www.ballerstaedt.de\\\/#organization\",\"name\":\"Ballerstaedt\",\"url\":\"https:\\\/\\\/www.ballerstaedt.de\\\/\",\"logo\":{\"@type\":\"ImageObject\",\"inLanguage\":\"en-US\",\"@id\":\"https:\\\/\\\/www.ballerstaedt.de\\\/#\\\/schema\\\/logo\\\/image\\\/\",\"url\":\"https:\\\/\\\/www.ballerstaedt.de\\\/wp-content\\\/uploads\\\/2020\\\/06\\\/logo.png\",\"contentUrl\":\"https:\\\/\\\/www.ballerstaedt.de\\\/wp-content\\\/uploads\\\/2020\\\/06\\\/logo.png\",\"width\":384,\"height\":67,\"caption\":\"Ballerstaedt\"},\"image\":{\"@id\":\"https:\\\/\\\/www.ballerstaedt.de\\\/#\\\/schema\\\/logo\\\/image\\\/\"}}]}<\/script>\n<!-- \/ Yoast SEO plugin. -->","yoast_head_json":{"title":"Induction sealing machines - Ballerstaedt","description":"Induction sealing machines by Ballerstaedt: Non-contact sealing solutions for security and hygiene requirements \u2013 ideal for pharma, food & cosmetics.","robots":{"index":"index","follow":"follow","max-snippet":"max-snippet:-1","max-image-preview":"max-image-preview:large","max-video-preview":"max-video-preview:-1"},"canonical":"https:\/\/www.ballerstaedt.de\/en\/sealing-machines\/induction-sealing-machines\/","og_locale":"en_US","og_type":"article","og_title":"Induction sealing machines - Ballerstaedt","og_description":"Induction sealing machines by Ballerstaedt: Non-contact sealing solutions for security and hygiene requirements \u2013 ideal for pharma, food & cosmetics.","og_url":"https:\/\/www.ballerstaedt.de\/en\/sealing-machines\/induction-sealing-machines\/","og_site_name":"Ballerstaedt","article_modified_time":"2026-01-13T09:51:37+00:00","twitter_card":"summary_large_image","twitter_misc":{"Est. reading time":"4 minutes"},"schema":{"@context":"https:\/\/schema.org","@graph":[{"@type":"WebPage","@id":"https:\/\/www.ballerstaedt.de\/en\/sealing-machines\/induction-sealing-machines\/","url":"https:\/\/www.ballerstaedt.de\/en\/sealing-machines\/induction-sealing-machines\/","name":"Induction sealing machines - Ballerstaedt","isPartOf":{"@id":"https:\/\/www.ballerstaedt.de\/#website"},"datePublished":"2020-12-03T09:30:25+00:00","dateModified":"2026-01-13T09:51:37+00:00","description":"Induction sealing machines by Ballerstaedt: Non-contact sealing solutions for security and hygiene requirements \u2013 ideal for pharma, food & cosmetics.","breadcrumb":{"@id":"https:\/\/www.ballerstaedt.de\/en\/sealing-machines\/induction-sealing-machines\/#breadcrumb"},"inLanguage":"en-US","potentialAction":[{"@type":"ReadAction","target":["https:\/\/www.ballerstaedt.de\/en\/sealing-machines\/induction-sealing-machines\/"]}]},{"@type":"BreadcrumbList","@id":"https:\/\/www.ballerstaedt.de\/en\/sealing-machines\/induction-sealing-machines\/#breadcrumb","itemListElement":[{"@type":"ListItem","position":1,"name":"Startseite","item":"https:\/\/www.ballerstaedt.de\/en\/"},{"@type":"ListItem","position":2,"name":"Sealing machines","item":"https:\/\/www.ballerstaedt.de\/en\/sealing-machines\/"},{"@type":"ListItem","position":3,"name":"Induction sealing machines"}]},{"@type":"WebSite","@id":"https:\/\/www.ballerstaedt.de\/#website","url":"https:\/\/www.ballerstaedt.de\/","name":"Ballerstaedt","description":"Sealing systems","publisher":{"@id":"https:\/\/www.ballerstaedt.de\/#organization"},"potentialAction":[{"@type":"SearchAction","target":{"@type":"EntryPoint","urlTemplate":"https:\/\/www.ballerstaedt.de\/?s={search_term_string}"},"query-input":{"@type":"PropertyValueSpecification","valueRequired":true,"valueName":"search_term_string"}}],"inLanguage":"en-US"},{"@type":"Organization","@id":"https:\/\/www.ballerstaedt.de\/#organization","name":"Ballerstaedt","url":"https:\/\/www.ballerstaedt.de\/","logo":{"@type":"ImageObject","inLanguage":"en-US","@id":"https:\/\/www.ballerstaedt.de\/#\/schema\/logo\/image\/","url":"https:\/\/www.ballerstaedt.de\/wp-content\/uploads\/2020\/06\/logo.png","contentUrl":"https:\/\/www.ballerstaedt.de\/wp-content\/uploads\/2020\/06\/logo.png","width":384,"height":67,"caption":"Ballerstaedt"},"image":{"@id":"https:\/\/www.ballerstaedt.de\/#\/schema\/logo\/image\/"}}]}},"_links":{"self":[{"href":"https:\/\/www.ballerstaedt.de\/en\/wp-json\/wp\/v2\/pages\/2215","targetHints":{"allow":["GET"]}}],"collection":[{"href":"https:\/\/www.ballerstaedt.de\/en\/wp-json\/wp\/v2\/pages"}],"about":[{"href":"https:\/\/www.ballerstaedt.de\/en\/wp-json\/wp\/v2\/types\/page"}],"author":[{"embeddable":true,"href":"https:\/\/www.ballerstaedt.de\/en\/wp-json\/wp\/v2\/users\/1"}],"replies":[{"embeddable":true,"href":"https:\/\/www.ballerstaedt.de\/en\/wp-json\/wp\/v2\/comments?post=2215"}],"version-history":[{"count":10,"href":"https:\/\/www.ballerstaedt.de\/en\/wp-json\/wp\/v2\/pages\/2215\/revisions"}],"predecessor-version":[{"id":5325,"href":"https:\/\/www.ballerstaedt.de\/en\/wp-json\/wp\/v2\/pages\/2215\/revisions\/5325"}],"up":[{"embeddable":true,"href":"https:\/\/www.ballerstaedt.de\/en\/wp-json\/wp\/v2\/pages\/2200"}],"wp:featuredmedia":[{"embeddable":true,"href":"https:\/\/www.ballerstaedt.de\/en\/wp-json\/"}],"wp:attachment":[{"href":"https:\/\/www.ballerstaedt.de\/en\/wp-json\/wp\/v2\/media?parent=2215"}],"curies":[{"name":"wp","href":"https:\/\/api.w.org\/{rel}","templated":true}]}}