{"id":1947,"date":"2020-12-01T10:44:20","date_gmt":"2020-12-01T09:44:20","guid":{"rendered":"https:\/\/ballerstaedt.agentur-exakt.de\/updates\/"},"modified":"2025-07-09T15:55:48","modified_gmt":"2025-07-09T13:55:48","slug":"news","status":"publish","type":"page","link":"https:\/\/www.ballerstaedt.de\/en\/news\/","title":{"rendered":"News"},"content":{"rendered":"<div class=\"wpb-content-wrapper\"><p>[vc_section el_class=&#8221;aktu-section&#8221;][vc_row css_animation=&#8221;fadeIn&#8221;][vc_column el_class=&#8221;aktuelles-blog&#8221;]<div class=\"column_filters\"><div id=\"Filters\" class=\"isotope-filters \" data-parent=\"column_filters\"><ul class=\"filters_buttons\"><li class=\"label\">Filter by<\/li><li class=\"categories\"><a class=\"open\" href=\"#\"><i class=\"icon-docs\"><\/i>Categories<i class=\"icon-down-dir\"><\/i><\/a><\/li><li class=\"tags\"><a class=\"open\" href=\"#\"><i class=\"icon-tag\"><\/i>Tags<i class=\"icon-down-dir\"><\/i><\/a><\/li><li class=\"authors\"><a class=\"open\" href=\"#\"><i class=\"icon-user\"><\/i>Authors<i class=\"icon-down-dir\"><\/i><\/a><\/li><\/ul><div class=\"filters_wrapper\"><ul class=\"categories\"><li class=\"reset current-cat\"><a class=\"all\" data-rel=\"*\" href=\"#\">Alle<\/a><\/li><li class=\"news-en\"><a data-rel=\".category-news-en\" href=\"https:\/\/www.ballerstaedt.de\/en\/category\/news-en\/\">News<\/a><\/li><li class=\"trade-fairs\"><a data-rel=\".category-trade-fairs\" href=\"https:\/\/www.ballerstaedt.de\/en\/category\/trade-fairs\/\">Trade Fairs<\/a><\/li><li class=\"close\"><a href=\"#\"><i class=\"icon-cancel\"><\/i><\/a><\/li><\/ul><ul class=\"tags\"><li class=\"reset current-cat\"><a class=\"all\" data-rel=\"*\" href=\"#\">Alle<\/a><\/li><li class=\"close\"><a href=\"#\"><i class=\"icon-cancel\"><\/i><\/a><\/li><\/ul><ul class=\"authors\"><li class=\"reset current-cat\"><a class=\"all\" data-rel=\"*\" href=\"#\">Alle<\/a><\/li><li class=\"ballerstaedt\"><a data-rel=\".author-ballerstaedt\" href=\"https:\/\/www.ballerstaedt.de\/en\/author\/ballerstaedt\/\">ballerstaedt<\/a><\/li><li class=\"ckraus\"><a data-rel=\".author-ckraus\" href=\"https:\/\/www.ballerstaedt.de\/en\/author\/ckraus\/\">Caroline Kraus<\/a><\/li><li class=\"exakt-admin\"><a data-rel=\".author-exakt-admin\" href=\"https:\/\/www.ballerstaedt.de\/en\/author\/exakt-admin\/\">exakt.admin<\/a><\/li><li class=\"ksenski\"><a data-rel=\".author-ksenski\" href=\"https:\/\/www.ballerstaedt.de\/en\/author\/ksenski\/\">Kristina Senski<\/a><\/li><li class=\"slang\"><a data-rel=\".author-slang\" href=\"https:\/\/www.ballerstaedt.de\/en\/author\/slang\/\">Sina Weber<\/a><\/li><li class=\"close\"><a href=\"#\"><i class=\"icon-cancel\"><\/i><\/a><\/li><\/ul><\/div><\/div>\n<div class=\"blog_wrapper isotope_wrapper clearfix\"><div class=\"posts_group lm_wrapper col-2 classic isotope\"><div class=\"post-item isotope-item clearfix author-slang post-5486 post type-post status-publish format-standard has-post-thumbnail hentry category-news-en category-trade-fairs\" style=\"\"><div class=\"date_label\">30. March 2026<\/div><div class=\"image_frame post-photo-wrapper scale-with-grid image\"><div class=\"image_wrapper\"><a href=\"https:\/\/www.ballerstaedt.de\/en\/cosmopack-2026-review\/\"><div class=\"mask\"><\/div><img loading=\"lazy\" decoding=\"async\" width=\"1200\" height=\"675\" src=\"https:\/\/www.ballerstaedt.de\/wp-content\/uploads\/2026\/03\/Cosmopack_Rueckblick-2026.jpg\" class=\"scale-with-grid wp-post-image\" alt=\"Ein Messestand in kr\u00e4ftigem Magenta. Mittig steht das Messeteam mit 5 Personen.\" srcset=\"https:\/\/www.ballerstaedt.de\/wp-content\/uploads\/2026\/03\/Cosmopack_Rueckblick-2026.jpg 1200w, https:\/\/www.ballerstaedt.de\/wp-content\/uploads\/2026\/03\/Cosmopack_Rueckblick-2026-300x169.jpg 300w, https:\/\/www.ballerstaedt.de\/wp-content\/uploads\/2026\/03\/Cosmopack_Rueckblick-2026-1024x576.jpg 1024w, https:\/\/www.ballerstaedt.de\/wp-content\/uploads\/2026\/03\/Cosmopack_Rueckblick-2026-768x432.jpg 768w, https:\/\/www.ballerstaedt.de\/wp-content\/uploads\/2026\/03\/Cosmopack_Rueckblick-2026-133x75.jpg 133w, https:\/\/www.ballerstaedt.de\/wp-content\/uploads\/2026\/03\/Cosmopack_Rueckblick-2026-480x270.jpg 480w\" sizes=\"auto, (max-width:767px) 480px, (max-width:1200px) 100vw, 1200px\" \/><\/a><div class=\"image_links double\"><a class=\"zoom \"  rel=\"prettyphoto\" href=\"https:\/\/www.ballerstaedt.de\/wp-content\/uploads\/2026\/03\/Cosmopack_Rueckblick-2026-1024x576.jpg\"><svg viewBox=\"0 0 26 26\"><defs><style>.path{fill:none;stroke:#333;stroke-miterlimit:10;stroke-width:1.5px;}<\/style><\/defs><circle cx=\"11.35\" cy=\"11.35\" r=\"6\" class=\"path\"><\/circle><line x1=\"15.59\" y1=\"15.59\" x2=\"20.65\" y2=\"20.65\" class=\"path\"><\/line><\/svg><\/a><a class=\"link \"  href=\"https:\/\/www.ballerstaedt.de\/en\/cosmopack-2026-review\/\"><svg viewBox=\"0 0 26 26\"><defs><style>.path{fill:none;stroke:#333;stroke-miterlimit:10;stroke-width:1.5px;}<\/style><\/defs><g><path d=\"M10.17,8.76l2.12-2.12a5,5,0,0,1,7.07,0h0a5,5,0,0,1,0,7.07l-2.12,2.12\" class=\"path\"><\/path><path d=\"M15.83,17.24l-2.12,2.12a5,5,0,0,1-7.07,0h0a5,5,0,0,1,0-7.07l2.12-2.12\" class=\"path\"><\/path><line x1=\"10.17\" y1=\"15.83\" x2=\"15.83\" y2=\"10.17\" class=\"path\"><\/line><\/g><\/svg><\/a><\/div><\/div><\/div><div class=\"post-desc-wrapper bg-\" style=\"\"><div class=\"post-desc\"><div class=\"post-head\"><div class=\"post-meta clearfix\"><\/div><\/div><div class=\"post-title\"><h2 class=\"entry-title\" itemprop=\"headline\"><a href=\"https:\/\/www.ballerstaedt.de\/en\/cosmopack-2026-review\/\">BALLERSTAEDT at Cosmopack: Successful Trade Fair and Outlook for Cosmetic Business in Munich<\/a><\/h2><span class=\"date\"><span class=\"post-date updated\">30. March 2026<\/span><\/span><\/div><div class=\"post-excerpt\">With a newly designed exhibition stand, BALLERSTAEDT presented itself at Cosmopack in Bologna last week. The trade fair provided an ...<\/div><div class=\"post-footer\"><div class=\"button-love\"><span class=\"love-text\">Do you like it?<\/span><\/div><div class=\"post-links\"><a href=\"https:\/\/www.ballerstaedt.de\/en\/cosmopack-2026-review\/\" class=\"post-more\">Read more<\/a><\/div><\/div><\/div><\/div><\/div><div class=\"post-item isotope-item clearfix author-slang post-5474 post type-post status-publish format-standard has-post-thumbnail hentry category-news-en\" style=\"\"><div class=\"date_label\">24. March 2026<\/div><div class=\"image_frame post-photo-wrapper scale-with-grid image\"><div class=\"image_wrapper\"><a href=\"https:\/\/www.ballerstaedt.de\/en\/80-birthday-wolfgang-dietrich\/\"><div class=\"mask\"><\/div><img loading=\"lazy\" decoding=\"async\" width=\"1080\" height=\"1350\" src=\"https:\/\/www.ballerstaedt.de\/wp-content\/uploads\/2023\/05\/Geburtstag-WD-2026.jpg\" class=\"scale-with-grid wp-post-image\" alt=\"80. j\u00e4hriger Mitarbeiter mit Geschenbkekorb in der Hand neben Gesch\u00e4ftsf\u00fchrer Harald Ballerstaedt\" \/><\/a><div class=\"image_links double\"><a class=\"zoom \"  rel=\"prettyphoto\" href=\"https:\/\/www.ballerstaedt.de\/wp-content\/uploads\/2023\/05\/Geburtstag-WD_1_Maerz-2026-819x1024.jpg\"><svg viewBox=\"0 0 26 26\"><defs><style>.path{fill:none;stroke:#333;stroke-miterlimit:10;stroke-width:1.5px;}<\/style><\/defs><circle cx=\"11.35\" cy=\"11.35\" r=\"6\" class=\"path\"><\/circle><line x1=\"15.59\" y1=\"15.59\" x2=\"20.65\" y2=\"20.65\" class=\"path\"><\/line><\/svg><\/a><a class=\"link \"  href=\"https:\/\/www.ballerstaedt.de\/en\/80-birthday-wolfgang-dietrich\/\"><svg viewBox=\"0 0 26 26\"><defs><style>.path{fill:none;stroke:#333;stroke-miterlimit:10;stroke-width:1.5px;}<\/style><\/defs><g><path d=\"M10.17,8.76l2.12-2.12a5,5,0,0,1,7.07,0h0a5,5,0,0,1,0,7.07l-2.12,2.12\" class=\"path\"><\/path><path d=\"M15.83,17.24l-2.12,2.12a5,5,0,0,1-7.07,0h0a5,5,0,0,1,0-7.07l2.12-2.12\" class=\"path\"><\/path><line x1=\"10.17\" y1=\"15.83\" x2=\"15.83\" y2=\"10.17\" class=\"path\"><\/line><\/g><\/svg><\/a><\/div><\/div><\/div><div class=\"post-desc-wrapper bg-\" style=\"\"><div class=\"post-desc\"><div class=\"post-head\"><div class=\"post-meta clearfix\"><\/div><\/div><div class=\"post-title\"><h2 class=\"entry-title\" itemprop=\"headline\"><a href=\"https:\/\/www.ballerstaedt.de\/en\/80-birthday-wolfgang-dietrich\/\">Employee celebrates 80th birthday<\/a><\/h2><span class=\"date\"><span class=\"post-date updated\">24. March 2026<\/span><\/span><\/div><div class=\"post-excerpt\">A special occasion calls for special words: We warmly congratulate our colleague Wolfgang Dietrich on his 80th birthday and celebrate ...<\/div><div class=\"post-footer\"><div class=\"button-love\"><span class=\"love-text\">Do you like it?<\/span><\/div><div class=\"post-links\"><a href=\"https:\/\/www.ballerstaedt.de\/en\/80-birthday-wolfgang-dietrich\/\" class=\"post-more\">Read more<\/a><\/div><\/div><\/div><\/div><\/div><div class=\"post-item isotope-item clearfix author-ckraus post-5452 post type-post status-publish format-standard has-post-thumbnail hentry category-news-en\" style=\"\"><div class=\"date_label\">10. March 2026<\/div><div class=\"image_frame post-photo-wrapper scale-with-grid image\"><div class=\"image_wrapper\"><a href=\"https:\/\/www.ballerstaedt.de\/en\/ballerstaedt-takes-on-climate-tree-sponsorship-in-senegal\/\"><div class=\"mask\"><\/div><img loading=\"lazy\" decoding=\"async\" width=\"1200\" height=\"675\" src=\"https:\/\/www.ballerstaedt.de\/wp-content\/uploads\/2026\/03\/Klimabaumpatenschaft_englisch_Maerz-2026.jpg\" class=\"scale-with-grid wp-post-image\" alt=\"Certificate for a climate tree sponsorship in Senegal displayed against a background of green tree canopies and sky. On the left is a certificate from Ballerstaedt &amp; Co. OHG with photos of tree seedlings and children in Senegal; on the right the title reads \u201cClimate Tree Sponsorship in Senegal\u201d in pink lettering.\" srcset=\"https:\/\/www.ballerstaedt.de\/wp-content\/uploads\/2026\/03\/Klimabaumpatenschaft_englisch_Maerz-2026.jpg 1200w, https:\/\/www.ballerstaedt.de\/wp-content\/uploads\/2026\/03\/Klimabaumpatenschaft_englisch_Maerz-2026-300x169.jpg 300w, https:\/\/www.ballerstaedt.de\/wp-content\/uploads\/2026\/03\/Klimabaumpatenschaft_englisch_Maerz-2026-1024x576.jpg 1024w, https:\/\/www.ballerstaedt.de\/wp-content\/uploads\/2026\/03\/Klimabaumpatenschaft_englisch_Maerz-2026-768x432.jpg 768w, https:\/\/www.ballerstaedt.de\/wp-content\/uploads\/2026\/03\/Klimabaumpatenschaft_englisch_Maerz-2026-133x75.jpg 133w, https:\/\/www.ballerstaedt.de\/wp-content\/uploads\/2026\/03\/Klimabaumpatenschaft_englisch_Maerz-2026-480x270.jpg 480w\" sizes=\"auto, (max-width:767px) 480px, (max-width:1200px) 100vw, 1200px\" \/><\/a><div class=\"image_links double\"><a class=\"zoom \"  rel=\"prettyphoto\" href=\"https:\/\/www.ballerstaedt.de\/wp-content\/uploads\/2026\/03\/Klimabaumpatenschaft_englisch_Maerz-2026-1024x576.jpg\"><svg viewBox=\"0 0 26 26\"><defs><style>.path{fill:none;stroke:#333;stroke-miterlimit:10;stroke-width:1.5px;}<\/style><\/defs><circle cx=\"11.35\" cy=\"11.35\" r=\"6\" class=\"path\"><\/circle><line x1=\"15.59\" y1=\"15.59\" x2=\"20.65\" y2=\"20.65\" class=\"path\"><\/line><\/svg><\/a><a class=\"link \"  href=\"https:\/\/www.ballerstaedt.de\/en\/ballerstaedt-takes-on-climate-tree-sponsorship-in-senegal\/\"><svg viewBox=\"0 0 26 26\"><defs><style>.path{fill:none;stroke:#333;stroke-miterlimit:10;stroke-width:1.5px;}<\/style><\/defs><g><path d=\"M10.17,8.76l2.12-2.12a5,5,0,0,1,7.07,0h0a5,5,0,0,1,0,7.07l-2.12,2.12\" class=\"path\"><\/path><path d=\"M15.83,17.24l-2.12,2.12a5,5,0,0,1-7.07,0h0a5,5,0,0,1,0-7.07l2.12-2.12\" class=\"path\"><\/path><line x1=\"10.17\" y1=\"15.83\" x2=\"15.83\" y2=\"10.17\" class=\"path\"><\/line><\/g><\/svg><\/a><\/div><\/div><\/div><div class=\"post-desc-wrapper bg-\" style=\"\"><div class=\"post-desc\"><div class=\"post-head\"><div class=\"post-meta clearfix\"><\/div><\/div><div class=\"post-title\"><h2 class=\"entry-title\" itemprop=\"headline\"><a href=\"https:\/\/www.ballerstaedt.de\/en\/ballerstaedt-takes-on-climate-tree-sponsorship-in-senegal\/\">BALLERSTAEDT takes on climate tree sponsorship in Senegal<\/a><\/h2><span class=\"date\"><span class=\"post-date updated\">10. March 2026<\/span><\/span><\/div><div class=\"post-excerpt\">At BALLERSTAEDT, sustainability means more to us than developing innovative packaging solutions \u2013 it also means taking responsibility for our environment. ...<\/div><div class=\"post-footer\"><div class=\"button-love\"><span class=\"love-text\">Do you like it?<\/span><\/div><div class=\"post-links\"><a href=\"https:\/\/www.ballerstaedt.de\/en\/ballerstaedt-takes-on-climate-tree-sponsorship-in-senegal\/\" class=\"post-more\">Read more<\/a><\/div><\/div><\/div><\/div><\/div><div class=\"post-item isotope-item clearfix author-ckraus post-5413 post type-post status-publish format-standard has-post-thumbnail hentry category-news-en\" style=\"\"><div class=\"date_label\">27. February 2026<\/div><div class=\"image_frame post-photo-wrapper scale-with-grid image\"><div class=\"image_wrapper\"><a href=\"https:\/\/www.ballerstaedt.de\/en\/staying-up-to-date-together-focus-on-ppwr\/\"><div class=\"mask\"><\/div><img loading=\"lazy\" decoding=\"async\" width=\"600\" height=\"408\" src=\"https:\/\/www.ballerstaedt.de\/wp-content\/uploads\/2026\/02\/PPWR-Event-P360_Website.jpg\" class=\"scale-with-grid wp-post-image\" alt=\"A group of training participants arranged in a U-shape, facing the speaker at the front.\" srcset=\"https:\/\/www.ballerstaedt.de\/wp-content\/uploads\/2026\/02\/PPWR-Event-P360_Website.jpg 600w, https:\/\/www.ballerstaedt.de\/wp-content\/uploads\/2026\/02\/PPWR-Event-P360_Website-300x204.jpg 300w, https:\/\/www.ballerstaedt.de\/wp-content\/uploads\/2026\/02\/PPWR-Event-P360_Website-110x75.jpg 110w, https:\/\/www.ballerstaedt.de\/wp-content\/uploads\/2026\/02\/PPWR-Event-P360_Website-480x326.jpg 480w\" sizes=\"auto, (max-width:767px) 480px, 600px\" \/><\/a><div class=\"image_links double\"><a class=\"zoom \"  rel=\"prettyphoto\" href=\"https:\/\/www.ballerstaedt.de\/wp-content\/uploads\/2026\/02\/PPWR-Event-P360_Website.jpg\"><svg viewBox=\"0 0 26 26\"><defs><style>.path{fill:none;stroke:#333;stroke-miterlimit:10;stroke-width:1.5px;}<\/style><\/defs><circle cx=\"11.35\" cy=\"11.35\" r=\"6\" class=\"path\"><\/circle><line x1=\"15.59\" y1=\"15.59\" x2=\"20.65\" y2=\"20.65\" class=\"path\"><\/line><\/svg><\/a><a class=\"link \"  href=\"https:\/\/www.ballerstaedt.de\/en\/staying-up-to-date-together-focus-on-ppwr\/\"><svg viewBox=\"0 0 26 26\"><defs><style>.path{fill:none;stroke:#333;stroke-miterlimit:10;stroke-width:1.5px;}<\/style><\/defs><g><path d=\"M10.17,8.76l2.12-2.12a5,5,0,0,1,7.07,0h0a5,5,0,0,1,0,7.07l-2.12,2.12\" class=\"path\"><\/path><path d=\"M15.83,17.24l-2.12,2.12a5,5,0,0,1-7.07,0h0a5,5,0,0,1,0-7.07l2.12-2.12\" class=\"path\"><\/path><line x1=\"10.17\" y1=\"15.83\" x2=\"15.83\" y2=\"10.17\" class=\"path\"><\/line><\/g><\/svg><\/a><\/div><\/div><\/div><div class=\"post-desc-wrapper bg-\" style=\"\"><div class=\"post-desc\"><div class=\"post-head\"><div class=\"post-meta clearfix\"><\/div><\/div><div class=\"post-title\"><h2 class=\"entry-title\" itemprop=\"headline\"><a href=\"https:\/\/www.ballerstaedt.de\/en\/staying-up-to-date-together-focus-on-ppwr\/\">Staying up to date together \u2013 Focus on PPWR<\/a><\/h2><span class=\"date\"><span class=\"post-date updated\">27. February 2026<\/span><\/span><\/div><div class=\"post-excerpt\">Regulatory requirements are evolving dynamically. The PPWR (Packaging and Packaging Waste Regulation) in particular is keeping the entire packaging industry ...<\/div><div class=\"post-footer\"><div class=\"button-love\"><span class=\"love-text\">Do you like it?<\/span><\/div><div class=\"post-links\"><a href=\"https:\/\/www.ballerstaedt.de\/en\/staying-up-to-date-together-focus-on-ppwr\/\" class=\"post-more\">Read more<\/a><\/div><\/div><\/div><\/div><\/div><\/div><\/div>\n<\/div>\n[\/vc_column][\/vc_row][\/vc_section]<\/p>\n<\/div>","protected":false},"excerpt":{"rendered":"<p>[vc_section el_class=&#8221;aktu-section&#8221;][vc_row css_animation=&#8221;fadeIn&#8221;][vc_column el_class=&#8221;aktuelles-blog&#8221;][\/vc_column][\/vc_row][\/vc_&#8230;<\/p>\n","protected":false},"author":1,"featured_media":-1,"parent":0,"menu_order":0,"comment_status":"closed","ping_status":"closed","template":"","meta":{"footnotes":""},"class_list":["post-1947","page","type-page","status-publish","has-post-thumbnail","hentry"],"yoast_head":"<!-- This site is optimized with the Yoast SEO plugin v27.4 - https:\/\/yoast.com\/product\/yoast-seo-wordpress\/ -->\n<title>News - Ballerstaedt<\/title>\n<meta name=\"description\" content=\"News, trade fairs &amp; social projects: Discover what drives Ballerstaedt. All current topics related to sealing technology and company developments.\" \/>\n<meta name=\"robots\" content=\"index, follow, max-snippet:-1, max-image-preview:large, max-video-preview:-1\" \/>\n<link rel=\"canonical\" href=\"https:\/\/www.ballerstaedt.de\/en\/news\/\" \/>\n<meta property=\"og:locale\" content=\"en_US\" \/>\n<meta property=\"og:type\" content=\"article\" \/>\n<meta property=\"og:title\" content=\"News - Ballerstaedt\" \/>\n<meta property=\"og:description\" content=\"News, trade fairs &amp; social projects: Discover what drives Ballerstaedt. All current topics related to sealing technology and company developments.\" \/>\n<meta property=\"og:url\" content=\"https:\/\/www.ballerstaedt.de\/en\/news\/\" \/>\n<meta property=\"og:site_name\" content=\"Ballerstaedt\" \/>\n<meta property=\"article:modified_time\" content=\"2025-07-09T13:55:48+00:00\" \/>\n<meta name=\"twitter:card\" content=\"summary_large_image\" \/>\n<meta name=\"twitter:label1\" content=\"Est. reading time\" \/>\n\t<meta name=\"twitter:data1\" content=\"1 minute\" \/>\n<script type=\"application\/ld+json\" class=\"yoast-schema-graph\">{\"@context\":\"https:\\\/\\\/schema.org\",\"@graph\":[{\"@type\":\"WebPage\",\"@id\":\"https:\\\/\\\/www.ballerstaedt.de\\\/en\\\/news\\\/\",\"url\":\"https:\\\/\\\/www.ballerstaedt.de\\\/en\\\/news\\\/\",\"name\":\"News - Ballerstaedt\",\"isPartOf\":{\"@id\":\"https:\\\/\\\/www.ballerstaedt.de\\\/#website\"},\"datePublished\":\"2020-12-01T09:44:20+00:00\",\"dateModified\":\"2025-07-09T13:55:48+00:00\",\"description\":\"News, trade fairs & social projects: Discover what drives Ballerstaedt. All current topics related to sealing technology and company developments.\",\"breadcrumb\":{\"@id\":\"https:\\\/\\\/www.ballerstaedt.de\\\/en\\\/news\\\/#breadcrumb\"},\"inLanguage\":\"en-US\",\"potentialAction\":[{\"@type\":\"ReadAction\",\"target\":[\"https:\\\/\\\/www.ballerstaedt.de\\\/en\\\/news\\\/\"]}]},{\"@type\":\"BreadcrumbList\",\"@id\":\"https:\\\/\\\/www.ballerstaedt.de\\\/en\\\/news\\\/#breadcrumb\",\"itemListElement\":[{\"@type\":\"ListItem\",\"position\":1,\"name\":\"Startseite\",\"item\":\"https:\\\/\\\/www.ballerstaedt.de\\\/en\\\/\"},{\"@type\":\"ListItem\",\"position\":2,\"name\":\"News\"}]},{\"@type\":\"WebSite\",\"@id\":\"https:\\\/\\\/www.ballerstaedt.de\\\/#website\",\"url\":\"https:\\\/\\\/www.ballerstaedt.de\\\/\",\"name\":\"Ballerstaedt\",\"description\":\"Sealing systems\",\"publisher\":{\"@id\":\"https:\\\/\\\/www.ballerstaedt.de\\\/#organization\"},\"potentialAction\":[{\"@type\":\"SearchAction\",\"target\":{\"@type\":\"EntryPoint\",\"urlTemplate\":\"https:\\\/\\\/www.ballerstaedt.de\\\/?s={search_term_string}\"},\"query-input\":{\"@type\":\"PropertyValueSpecification\",\"valueRequired\":true,\"valueName\":\"search_term_string\"}}],\"inLanguage\":\"en-US\"},{\"@type\":\"Organization\",\"@id\":\"https:\\\/\\\/www.ballerstaedt.de\\\/#organization\",\"name\":\"Ballerstaedt\",\"url\":\"https:\\\/\\\/www.ballerstaedt.de\\\/\",\"logo\":{\"@type\":\"ImageObject\",\"inLanguage\":\"en-US\",\"@id\":\"https:\\\/\\\/www.ballerstaedt.de\\\/#\\\/schema\\\/logo\\\/image\\\/\",\"url\":\"https:\\\/\\\/www.ballerstaedt.de\\\/wp-content\\\/uploads\\\/2020\\\/06\\\/logo.png\",\"contentUrl\":\"https:\\\/\\\/www.ballerstaedt.de\\\/wp-content\\\/uploads\\\/2020\\\/06\\\/logo.png\",\"width\":384,\"height\":67,\"caption\":\"Ballerstaedt\"},\"image\":{\"@id\":\"https:\\\/\\\/www.ballerstaedt.de\\\/#\\\/schema\\\/logo\\\/image\\\/\"}}]}<\/script>\n<!-- \/ Yoast SEO plugin. -->","yoast_head_json":{"title":"News - Ballerstaedt","description":"News, trade fairs & social projects: Discover what drives Ballerstaedt. All current topics related to sealing technology and company developments.","robots":{"index":"index","follow":"follow","max-snippet":"max-snippet:-1","max-image-preview":"max-image-preview:large","max-video-preview":"max-video-preview:-1"},"canonical":"https:\/\/www.ballerstaedt.de\/en\/news\/","og_locale":"en_US","og_type":"article","og_title":"News - Ballerstaedt","og_description":"News, trade fairs & social projects: Discover what drives Ballerstaedt. All current topics related to sealing technology and company developments.","og_url":"https:\/\/www.ballerstaedt.de\/en\/news\/","og_site_name":"Ballerstaedt","article_modified_time":"2025-07-09T13:55:48+00:00","twitter_card":"summary_large_image","twitter_misc":{"Est. reading time":"1 minute"},"schema":{"@context":"https:\/\/schema.org","@graph":[{"@type":"WebPage","@id":"https:\/\/www.ballerstaedt.de\/en\/news\/","url":"https:\/\/www.ballerstaedt.de\/en\/news\/","name":"News - Ballerstaedt","isPartOf":{"@id":"https:\/\/www.ballerstaedt.de\/#website"},"datePublished":"2020-12-01T09:44:20+00:00","dateModified":"2025-07-09T13:55:48+00:00","description":"News, trade fairs & social projects: Discover what drives Ballerstaedt. All current topics related to sealing technology and company developments.","breadcrumb":{"@id":"https:\/\/www.ballerstaedt.de\/en\/news\/#breadcrumb"},"inLanguage":"en-US","potentialAction":[{"@type":"ReadAction","target":["https:\/\/www.ballerstaedt.de\/en\/news\/"]}]},{"@type":"BreadcrumbList","@id":"https:\/\/www.ballerstaedt.de\/en\/news\/#breadcrumb","itemListElement":[{"@type":"ListItem","position":1,"name":"Startseite","item":"https:\/\/www.ballerstaedt.de\/en\/"},{"@type":"ListItem","position":2,"name":"News"}]},{"@type":"WebSite","@id":"https:\/\/www.ballerstaedt.de\/#website","url":"https:\/\/www.ballerstaedt.de\/","name":"Ballerstaedt","description":"Sealing systems","publisher":{"@id":"https:\/\/www.ballerstaedt.de\/#organization"},"potentialAction":[{"@type":"SearchAction","target":{"@type":"EntryPoint","urlTemplate":"https:\/\/www.ballerstaedt.de\/?s={search_term_string}"},"query-input":{"@type":"PropertyValueSpecification","valueRequired":true,"valueName":"search_term_string"}}],"inLanguage":"en-US"},{"@type":"Organization","@id":"https:\/\/www.ballerstaedt.de\/#organization","name":"Ballerstaedt","url":"https:\/\/www.ballerstaedt.de\/","logo":{"@type":"ImageObject","inLanguage":"en-US","@id":"https:\/\/www.ballerstaedt.de\/#\/schema\/logo\/image\/","url":"https:\/\/www.ballerstaedt.de\/wp-content\/uploads\/2020\/06\/logo.png","contentUrl":"https:\/\/www.ballerstaedt.de\/wp-content\/uploads\/2020\/06\/logo.png","width":384,"height":67,"caption":"Ballerstaedt"},"image":{"@id":"https:\/\/www.ballerstaedt.de\/#\/schema\/logo\/image\/"}}]}},"_links":{"self":[{"href":"https:\/\/www.ballerstaedt.de\/en\/wp-json\/wp\/v2\/pages\/1947","targetHints":{"allow":["GET"]}}],"collection":[{"href":"https:\/\/www.ballerstaedt.de\/en\/wp-json\/wp\/v2\/pages"}],"about":[{"href":"https:\/\/www.ballerstaedt.de\/en\/wp-json\/wp\/v2\/types\/page"}],"author":[{"embeddable":true,"href":"https:\/\/www.ballerstaedt.de\/en\/wp-json\/wp\/v2\/users\/1"}],"replies":[{"embeddable":true,"href":"https:\/\/www.ballerstaedt.de\/en\/wp-json\/wp\/v2\/comments?post=1947"}],"version-history":[{"count":5,"href":"https:\/\/www.ballerstaedt.de\/en\/wp-json\/wp\/v2\/pages\/1947\/revisions"}],"predecessor-version":[{"id":3763,"href":"https:\/\/www.ballerstaedt.de\/en\/wp-json\/wp\/v2\/pages\/1947\/revisions\/3763"}],"wp:featuredmedia":[{"embeddable":true,"href":"https:\/\/www.ballerstaedt.de\/en\/wp-json\/"}],"wp:attachment":[{"href":"https:\/\/www.ballerstaedt.de\/en\/wp-json\/wp\/v2\/media?parent=1947"}],"curies":[{"name":"wp","href":"https:\/\/api.w.org\/{rel}","templated":true}]}}